{"id":3,"date":"2025-07-01T15:02:44","date_gmt":"2025-07-01T15:02:44","guid":{"rendered":"https:\/\/padanastampi.com\/?page_id=3"},"modified":"2026-03-18T17:46:21","modified_gmt":"2026-03-18T17:46:21","slug":"privacy-policy","status":"publish","type":"page","link":"https:\/\/padanastampi.com\/en\/privacy-policy\/","title":{"rendered":"Privacy Policy"},"content":{"rendered":"<div data-elementor-type=\"wp-page\" data-elementor-id=\"3\" class=\"elementor elementor-3\" data-elementor-post-type=\"page\">\n\t\t\t\t<div class=\"elementor-element elementor-element-1d5b2030 e-flex e-con-boxed e-con e-parent\" data-id=\"1d5b2030\" data-element_type=\"container\" data-e-type=\"container\">\n\t\t\t\t\t<div class=\"e-con-inner\">\n\t\t\t\t<div class=\"elementor-element elementor-element-2c3e9f7e elementor-widget elementor-widget-text-editor\" data-id=\"2c3e9f7e\" data-element_type=\"widget\" data-e-type=\"widget\" data-widget_type=\"text-editor.default\">\n\t\t\t\t\t\t\t\t\t\n<h2 class=\"wp-block-heading\">Informativa privacy<\/h2>\n<p><strong>1. Titolare del trattamento<\/strong><\/p>\n<p>Padana Stampi Di Volpin &amp; Fasolato Snc &#8211; Via Piemonte 3 &#8211; 35020 \u2013 DUE CARRARE (PD)\u00a0Reg. Trib. di Padova P.IVA 02422580288 (Italia) (la \u201cSociet\u00e0\u201d o il \u201cTitolare\u201d) garantisce il rispetto della disciplina in materia di protezione dei dati personali come da art. 13 Regolamento UE n. 2016\/679 (in seguito, \u201cGDPR\u201d), fornendo le seguenti informazioni circa il trattamento dei dati comunicati o comunque raccolti nel corso della navigazione sul presente sito.<\/p>\n<p><strong>2. Dati trattati, finalit\u00e0 e basi giuridiche del trattamento<\/strong><br \/><em>Dati generati dall\u2019accesso al sito<\/em><br \/>I sistemi informatici e le procedure software preposte al funzionamento di questo sito acquisiscono, nel corso del loro normale esercizio, alcuni dati personali la cui trasmissione \u00e8 implicita nell\u2019uso dei protocolli di comunicazione di Internet.<br \/>Questi dati (quali ad esempio nomi di dominio, indirizzi IP, sistema operativo utilizzato, tipo di device di browser utilizzati per la connessione) non sono accompagnati da alcuna informazione personale aggiuntiva e vengono utilizzati per:<br \/>i) ricavare informazioni statistiche anonime sull\u2019uso del sito;<br \/>ii) gestire esigenze di controllo delle modalit\u00e0 di utilizzo dello stesso,<br \/>iii) accertare responsabilit\u00e0 in caso di ipotetici reati informatici.<\/p>\n<p>La base giuridica che legittima il trattamento di tali dati \u00e8 la necessit\u00e0 di rendere utilizzabili le funzionalit\u00e0 del sito a seguito dell\u2019accesso dell\u2019utente.<\/p>\n<p><strong><em>Dati forniti volontariamente dall\u2019utente\u00a0<\/em><\/strong><br \/>I dati personali forniti dall\u2019utente tramite form sono raccolti e trattati per le seguenti finalit\u00e0:<br \/>a) per lo svolgimento delle attivit\u00e0 di relazione con il cliente in base agli accordi contrattuali;<br \/>b) per finalit\u00e0 amministrative e per l\u2019adempimento di obblighi di legge quali ad esempio quelli di natura contabile, fiscale, o per dar corso a richieste dell\u2019autorit\u00e0 giudiziaria;<br \/>c) in presenza di specifico consenso, per l\u2019invio periodico, tramite e-mail, di newsletter e materiale pubblicitario;<br \/>d) in presenza di specifico consenso, per ricevere aggiornamenti sulle nostre attivit\u00e0 e segnalazioni sulla pubblicazione di post del nostro blog;<br \/>e) in presenza di specifico consenso, per ricevere comunicazioni promozionali ed inviti ad eventi, corsi di formazione, webinar, promozioni speciali o a partecipare a analisi e ricerche di mercato;<br \/>f) nel caso di invio di curriculum vitae, esclusivamente per finalit\u00e0 di selezione;<br \/>g) in presenza di area shop\/vendita on line, per l\u2019adempimento della vendita e delle attivit\u00e0 contrattuali, e per poter spedire eventuali prodotti o servizi, omaggi, cataloghi o report.<\/p>\n<p>La base giuridica che legittima il trattamento \u00e8 l\u2019esecuzione di un contratto di cui l\u2019interessato \u00e8 parte o l\u2019esecuzione di misure precontrattuali adottate su richiesta dello stesso. Nei casi espressamente indicati la base giuridica \u00e8 il consenso liberamente fornito dall\u2019interessato.<\/p>\n<p><strong>3. Natura del conferimento<\/strong><br \/>A parte quanto specificato per i dati di navigazione e per i dati raccolti tramite il sito, il conferimento dei dati:<br \/>A) Rispetto alle finalit\u00e0 relative al modulo contatti, \u00e8 obbligatorio, in caso non sia accettata l\u2019informativa non sar\u00e0 possibile inviare il modulo di richiesta;<br \/>B) Per l\u2019eventuale iscrizione alla newsletter il conferimento \u00e8 facoltativo. Il caso di negato consenso non sar\u00e0 possibile ricevere newsletter e materiale pubblicitario o inviti a eventi e iniziative del Titolare.<\/p>\n<p><strong>4. Modalit\u00e0 di trattamento e tempi di conservazione dei dati<\/strong><br \/>I dati raccolti saranno trattati mediante strumenti elettronici o comunque automatizzati, informatici e telematici, o mediante elaborazioni manuali con logiche strettamente correlate alle finalit\u00e0 per le quali i dati personali sono stati raccolti e, comunque, in modo da garantire in ogni caso la sicurezza dei medesimi. I dati vengono conservati per il tempo strettamente necessario alla gestione delle finalit\u00e0 per le quali i dati stessi sono raccolti nel rispetto delle norme vigenti e degli obblighi di legge.<\/p>\n<p>In ogni caso il Titolare pratica regole che impediscono la conservazione dei dati a tempo indeterminato e limita quindi il tempo di conservazione nel rispetto del principio di minimizzazione del trattamento dei dati.<\/p>\n<p><strong>5. Soggetti autorizzati al trattamento, responsabili e comunicazione dei dati<\/strong><br \/>Il trattamento dei dati raccolti \u00e8 effettuato da personale interno dell\u2019azienda a tal fine individuato e autorizzato del trattamento secondo specifiche istruzioni impartite nel rispetto della normativa vigente.<\/p>\n<p>I dati raccolti, qualora sia necessario o strumentale per l\u2019esecuzione delle indicate finalit\u00e0, potranno essere trattati da terzi nominati Responsabili esterni del trattamento, ovvero, a seconda dei casi, comunicati agli stessi quali autonomi titolari, e precisamente:<br \/>persone, societ\u00e0, associazioni o studi professionali che prestino attivit\u00e0 di assistenza e consulenza alla nostra Societ\u00e0;<br \/>societ\u00e0, enti, associazioni che svolgono servizi connessi e strumentali alla esecuzione delle finalit\u00e0 sopra indicate (servizio di analisi e ricerche di mercato, gestione pagamenti tramite carta di credito, manutenzione dei sistemi informatici).<\/p>\n<p>In ogni caso, i dati personali non saranno mai ceduti o diffusi.<\/p>\n<p><strong>6. Diritti dell\u2019interessato<\/strong><br \/>In ogni momento \u00e8 possibile accedere ai dati, opporsi al trattamento o chiedere la cancellazione, la modifica o l\u2019aggiornamento di tutte le informazioni personali raccolte dal Titolare, esercitando il diritto alla limitazione del trattamento e il diritto alla portabilit\u00e0 dei dati, inviando un\u2019e-mail all\u2019indirizzo info@padanastampi.com. L\u2019interessato ha i diritti di cui all\u2019art. 7 Codice Privacy e art. 15 GDPR e precisamente i diritti di:<br \/>A) Ottenere la conferma dell\u2019esistenza o meno di dati personali che la riguardano;<br \/>B) Ottenere l\u2019indicazione:<\/p>\n<ul>\n<li>Dell\u2019origine dei dati personali;<\/li>\n<li>Delle finalit\u00e0 e modalit\u00e0 del trattamento;<\/li>\n<li>Della logica applicata in caso di trattamento effettuato con l\u2019ausilio di strumenti elettronici;<\/li>\n<li>Degli estremi identificativi del titolare, dei responsabili e del rappresentante designato ai sensi dell\u2019art. 5, comma 2 Codice Privacy e art. 3, comma 1, GDPR; e dei soggetti o delle categorie di soggetti ai quali i dati personali possono essere comunicati o che possono venirne a conoscenza in qualit\u00e0 di rappresentante designato nel territorio dello Stato, di responsabili o incaricati;<\/li>\n<\/ul>\n<p>C) Ottenere:<\/p>\n<ul>\n<li>L\u2019aggiornamento, la rettificazione ovvero, quando vi ha interesse, l\u2019integrazione dei dati;<\/li>\n<li>La cancellazione, la trasformazione in forma anonima o il blocco dei dati trattati in violazione di legge, compresi quelli di cui non \u00e8 necessaria la conservazione in relazione agli scopi per i quali i dati sono stati raccolti o successivamente trattati;<\/li>\n<li>L\u2019attestazione che le operazioni di cui agli art. 8.A) e B) sono state portate a conoscenza, anche per quanto riguarda il loro contenuto, di coloro ai quali i dati sono stati comunicati o diffusi, eccettuato il caso in cui tale adempimento si rivela impossibile o comporta un impiego di mezzi manifestamente sproporzionato rispetto al diritto tutelato;<\/li>\n<\/ul>\n<p>D) Opporsi, in tutto o in parte:<\/p>\n<ul>\n<li>Per motivi legittimi al trattamento dei dati personali che la riguardano, ancorch\u00e9 pertinenti allo scopo della raccolta;<\/li>\n<li>Al trattamento di dati personali che la riguardano a fini di invio di materiale pubblicitario o di vendita diretta o per il compimento di ricerche di mercato o di comunicazione commerciale, mediante l\u2019uso di sistemi automatizzati di chiamata senza l\u2019intervento di un operatore mediante email e\/o mediante modalit\u00e0 di marketing tradizionali mediante telefono e\/o posta cartacea. Si fa presente che il diritto di opposizione dell\u2019interessato, esposto al precedente punto B), per finalit\u00e0 di marketing diretto mediante modalit\u00e0 automatizzate si estende a quelle tradizionali e che comunque resta salva la possibilit\u00e0 per l\u2019interessato di esercitare il diritto di opposizione anche solo in parte. Pertanto, l\u2019interessato pu\u00f2 decidere di ricevere solo comunicazioni mediante modalit\u00e0 tradizionali ovvero solo comunicazioni automatizzate oppure nessuna delle due tipologie di comunicazione.<\/li>\n<li>Ove applicabili, ha altres\u00ec i diritti di cui agli artt. 16-21 GDPR (Diritto di rettifica, diritto all\u2019oblio, diritto di limitazione di trattamento, diritto alla portabilit\u00e0 dei dati, diritto di opposizione), nonch\u00e9 il diritto di reclamo all\u2019Autorit\u00e0 Garante.<\/li>\n<\/ul>\n<p><strong>7. Modalit\u00e0 di esercizio dei diritti<\/strong><\/p>\n<p>E\u2019 possibile esercitare i suoi diritti inviando una raccomandata scritta all\u2019indirizzo indicato al punto 1), oppure una email a info@padanastampi.com<\/p>\t\t\t\t\t\t\t\t<\/div>\n\t\t\t\t\t<\/div>\n\t\t\t\t<\/div>\n\t\t\t\t<\/div>","protected":false},"excerpt":{"rendered":"<p>Informativa privacy 1. Titolare del trattamento Padana Stampi Di Volpin &amp; Fasolato Snc &#8211; Via Piemonte 3 &#8211; 35020 \u2013 DUE CARRARE (PD)\u00a0Reg. Trib. di Padova P.IVA 02422580288 (Italia) (la \u201cSociet\u00e0\u201d o il \u201cTitolare\u201d) garantisce il rispetto della disciplina in materia di protezione dei dati personali come da art. 13 Regolamento UE n. 2016\/679 (in [&hellip;]<\/p>\n","protected":false},"author":1,"featured_media":0,"parent":0,"menu_order":0,"comment_status":"closed","ping_status":"closed","template":"","meta":{"footnotes":""},"class_list":["post-3","page","type-page","status-publish","hentry"],"_links":{"self":[{"href":"https:\/\/padanastampi.com\/en\/wp-json\/wp\/v2\/pages\/3","targetHints":{"allow":["GET"]}}],"collection":[{"href":"https:\/\/padanastampi.com\/en\/wp-json\/wp\/v2\/pages"}],"about":[{"href":"https:\/\/padanastampi.com\/en\/wp-json\/wp\/v2\/types\/page"}],"author":[{"embeddable":true,"href":"https:\/\/padanastampi.com\/en\/wp-json\/wp\/v2\/users\/1"}],"replies":[{"embeddable":true,"href":"https:\/\/padanastampi.com\/en\/wp-json\/wp\/v2\/comments?post=3"}],"version-history":[{"count":3,"href":"https:\/\/padanastampi.com\/en\/wp-json\/wp\/v2\/pages\/3\/revisions"}],"predecessor-version":[{"id":575,"href":"https:\/\/padanastampi.com\/en\/wp-json\/wp\/v2\/pages\/3\/revisions\/575"}],"wp:attachment":[{"href":"https:\/\/padanastampi.com\/en\/wp-json\/wp\/v2\/media?parent=3"}],"curies":[{"name":"wp","href":"https:\/\/api.w.org\/{rel}","templated":true}]}}