{"id":285,"date":"2025-09-05T05:35:21","date_gmt":"2025-09-05T05:35:21","guid":{"rendered":"https:\/\/padanastampi.com\/?page_id=285"},"modified":"2026-02-24T18:08:28","modified_gmt":"2026-02-24T18:08:28","slug":"metodologia","status":"publish","type":"page","link":"https:\/\/padanastampi.com\/en\/metodologia\/","title":{"rendered":"Methodology"},"content":{"rendered":"<div data-elementor-type=\"wp-page\" data-elementor-id=\"285\" class=\"elementor elementor-285\" data-elementor-post-type=\"page\">\n\t\t\t\t<div class=\"elementor-element elementor-element-cf4e990 e-flex e-con-boxed e-con e-parent\" data-id=\"cf4e990\" data-element_type=\"container\" data-e-type=\"container\" data-settings=\"{&quot;background_background&quot;:&quot;classic&quot;}\">\n\t\t\t\t\t<div class=\"e-con-inner\">\n\t\t<div class=\"elementor-element elementor-element-e253fb0 e-con-full e-flex e-con e-child\" data-id=\"e253fb0\" data-element_type=\"container\" data-e-type=\"container\">\n\t\t\t\t<div class=\"elementor-element elementor-element-c48a76e elementor-widget elementor-widget-heading\" data-id=\"c48a76e\" data-element_type=\"widget\" data-e-type=\"widget\" data-widget_type=\"heading.default\">\n\t\t\t\t\t<h1 class=\"elementor-heading-title elementor-size-default\">Methodology<\/h1>\t\t\t\t<\/div>\n\t\t\t\t<div class=\"elementor-element elementor-element-34583d7 elementor-widget-divider--view-line elementor-widget elementor-widget-divider\" data-id=\"34583d7\" data-element_type=\"widget\" data-e-type=\"widget\" data-widget_type=\"divider.default\">\n\t\t\t\t\t\t\t<div class=\"elementor-divider\">\n\t\t\t<span class=\"elementor-divider-separator\">\n\t\t\t\t\t\t<\/span>\n\t\t<\/div>\n\t\t\t\t\t\t<\/div>\n\t\t\t\t<div class=\"elementor-element elementor-element-b02c784 elementor-widget elementor-widget-text-editor\" data-id=\"b02c784\" data-element_type=\"widget\" data-e-type=\"widget\" data-widget_type=\"text-editor.default\">\n\t\t\t\t\t\t\t\t\t<p>Making an aluminum mold for shoes and footwear components requires a precise and proven process.<br \/>We follow a structured methodology that allows us to offer quality molding, guaranteed lead times, and maximum reliability.<\/p><h2><span style=\"color: #feba57;\">Experience and innovation for quality results<\/span><\/h2>\t\t\t\t\t\t\t\t<\/div>\n\t\t\t\t<\/div>\n\t\t<div class=\"elementor-element elementor-element-5c0964e e-con-full e-flex e-con e-child\" data-id=\"5c0964e\" data-element_type=\"container\" data-e-type=\"container\">\n\t\t\t\t<\/div>\n\t\t\t\t\t<\/div>\n\t\t\t\t<\/div>\n\t\t<div class=\"elementor-element elementor-element-0c65cc3 e-flex e-con-boxed e-con e-parent\" data-id=\"0c65cc3\" data-element_type=\"container\" data-e-type=\"container\" data-settings=\"{&quot;background_background&quot;:&quot;classic&quot;}\">\n\t\t\t\t\t<div class=\"e-con-inner\">\n\t\t<div class=\"elementor-element elementor-element-7118c56 e-con-full e-flex e-con e-child\" data-id=\"7118c56\" data-element_type=\"container\" data-e-type=\"container\">\n\t\t\t\t<div class=\"elementor-element elementor-element-8f9e72e elementor-widget elementor-widget-image\" data-id=\"8f9e72e\" data-element_type=\"widget\" data-e-type=\"widget\" data-widget_type=\"image.default\">\n\t\t\t\t\t\t\t\t\t\t\t\t\t\t\t<img fetchpriority=\"high\" decoding=\"async\" width=\"1290\" height=\"704\" src=\"https:\/\/padanastampi.com\/wp-content\/uploads\/2025\/09\/metodologia.jpg\" class=\"attachment-full size-full wp-image-288\" alt=\"\" srcset=\"https:\/\/padanastampi.com\/wp-content\/uploads\/2025\/09\/metodologia.jpg 1290w, https:\/\/padanastampi.com\/wp-content\/uploads\/2025\/09\/metodologia-300x164.jpg 300w, https:\/\/padanastampi.com\/wp-content\/uploads\/2025\/09\/metodologia-1024x559.jpg 1024w, https:\/\/padanastampi.com\/wp-content\/uploads\/2025\/09\/metodologia-768x419.jpg 768w\" sizes=\"(max-width: 1290px) 100vw, 1290px\" \/>\t\t\t\t\t\t\t\t\t\t\t\t\t\t\t<\/div>\n\t\t\t\t<\/div>\n\t\t<div class=\"elementor-element elementor-element-c3e3b19 e-con-full e-flex e-con e-child\" data-id=\"c3e3b19\" data-element_type=\"container\" data-e-type=\"container\">\n\t\t\t\t<div class=\"elementor-element elementor-element-f389d1a elementor-widget elementor-widget-heading\" data-id=\"f389d1a\" data-element_type=\"widget\" data-e-type=\"widget\" data-widget_type=\"heading.default\">\n\t\t\t\t\t<h2 class=\"elementor-heading-title elementor-size-default\">A structured methodology <\/h2>\t\t\t\t<\/div>\n\t\t\t\t<div class=\"elementor-element elementor-element-2d992eb elementor-widget-divider--view-line elementor-widget elementor-widget-divider\" data-id=\"2d992eb\" data-element_type=\"widget\" data-e-type=\"widget\" data-widget_type=\"divider.default\">\n\t\t\t\t\t\t\t<div class=\"elementor-divider\">\n\t\t\t<span class=\"elementor-divider-separator\">\n\t\t\t\t\t\t<\/span>\n\t\t<\/div>\n\t\t\t\t\t\t<\/div>\n\t\t\t\t<div class=\"elementor-element elementor-element-5471e0b elementor-widget elementor-widget-text-editor\" data-id=\"5471e0b\" data-element_type=\"widget\" data-e-type=\"widget\" data-widget_type=\"text-editor.default\">\n\t\t\t\t\t\t\t\t\t<p>Guided by a vision of innovation and precision, our production methodology combines experience, technology, and control at every stage: from needs analysis to delivery of the finished mold, we guarantee a safe, transparent process oriented to the highest quality.<\/p>\t\t\t\t\t\t\t\t<\/div>\n\t\t\t\t<\/div>\n\t\t\t\t\t<\/div>\n\t\t\t\t<\/div>\n\t\t<div class=\"elementor-element elementor-element-6c3839f e-flex e-con-boxed e-con e-parent\" data-id=\"6c3839f\" data-element_type=\"container\" data-e-type=\"container\" data-settings=\"{&quot;background_background&quot;:&quot;classic&quot;}\">\n\t\t\t\t\t<div class=\"e-con-inner\">\n\t\t<div class=\"elementor-element elementor-element-76bdfd2 e-con-full e-flex e-con e-child\" data-id=\"76bdfd2\" data-element_type=\"container\" data-e-type=\"container\" data-settings=\"{&quot;background_background&quot;:&quot;classic&quot;}\">\n\t\t\t\t<div class=\"elementor-element elementor-element-d93619c elementor-widget elementor-widget-heading\" data-id=\"d93619c\" data-element_type=\"widget\" data-e-type=\"widget\" data-widget_type=\"heading.default\">\n\t\t\t\t\t<h2 class=\"elementor-heading-title elementor-size-default\">Needs analysis<\/h2>\t\t\t\t<\/div>\n\t\t\t\t<div class=\"elementor-element elementor-element-eeced47 elementor-widget-divider--view-line elementor-widget elementor-widget-divider\" data-id=\"eeced47\" data-element_type=\"widget\" data-e-type=\"widget\" data-widget_type=\"divider.default\">\n\t\t\t\t\t\t\t<div class=\"elementor-divider\">\n\t\t\t<span class=\"elementor-divider-separator\">\n\t\t\t\t\t\t<\/span>\n\t\t<\/div>\n\t\t\t\t\t\t<\/div>\n\t\t\t\t<\/div>\n\t\t<div class=\"elementor-element elementor-element-caf35a2 e-con-full e-flex e-con e-child\" data-id=\"caf35a2\" data-element_type=\"container\" data-e-type=\"container\">\n\t\t\t\t<div class=\"elementor-element elementor-element-fcb183c elementor-widget elementor-widget-text-editor\" data-id=\"fcb183c\" data-element_type=\"widget\" data-e-type=\"widget\" data-widget_type=\"text-editor.default\">\n\t\t\t\t\t\t\t\t\t<p>Every project starts with listening: we analyze the type of footwear, the characteristics of the sole, and the required performance.<br \/>This step allows us to define the most suitable mold for the chosen material (TPU, PU, PVC, rubber or EVA).<\/p>\t\t\t\t\t\t\t\t<\/div>\n\t\t\t\t<\/div>\n\t\t\t\t\t<\/div>\n\t\t\t\t<\/div>\n\t\t<div class=\"elementor-element elementor-element-7b516c8 e-flex e-con-boxed e-con e-parent\" data-id=\"7b516c8\" data-element_type=\"container\" data-e-type=\"container\" data-settings=\"{&quot;background_background&quot;:&quot;classic&quot;}\">\n\t\t\t\t\t<div class=\"e-con-inner\">\n\t\t<div class=\"elementor-element elementor-element-03ac65f e-con-full e-flex e-con e-child\" data-id=\"03ac65f\" data-element_type=\"container\" data-e-type=\"container\" data-settings=\"{&quot;background_background&quot;:&quot;classic&quot;}\">\n\t\t\t\t<div class=\"elementor-element elementor-element-1fa98cc elementor-widget elementor-widget-heading\" data-id=\"1fa98cc\" data-element_type=\"widget\" data-e-type=\"widget\" data-widget_type=\"heading.default\">\n\t\t\t\t\t<h2 class=\"elementor-heading-title elementor-size-default\">High-precision 3D CAD\/CAM design<\/h2>\t\t\t\t<\/div>\n\t\t\t\t<div class=\"elementor-element elementor-element-8a3b4b2 elementor-widget-divider--view-line elementor-widget elementor-widget-divider\" data-id=\"8a3b4b2\" data-element_type=\"widget\" data-e-type=\"widget\" data-widget_type=\"divider.default\">\n\t\t\t\t\t\t\t<div class=\"elementor-divider\">\n\t\t\t<span class=\"elementor-divider-separator\">\n\t\t\t\t\t\t<\/span>\n\t\t<\/div>\n\t\t\t\t\t\t<\/div>\n\t\t\t\t<\/div>\n\t\t<div class=\"elementor-element elementor-element-6b51f3f e-con-full e-flex e-con e-child\" data-id=\"6b51f3f\" data-element_type=\"container\" data-e-type=\"container\">\n\t\t\t\t<div class=\"elementor-element elementor-element-5aecbb7 elementor-widget elementor-widget-text-editor\" data-id=\"5aecbb7\" data-element_type=\"widget\" data-e-type=\"widget\" data-widget_type=\"text-editor.default\">\n\t\t\t\t\t\t\t\t\t<p>We use 3D CAD\/CAM software to create the digital model of the mold, verifying geometry, thicknesses, alignments, and aesthetic details.<br \/>\u00a0Digital design reduces the margins of error and optimizes the entire aluminum mold production process.<\/p>\t\t\t\t\t\t\t\t<\/div>\n\t\t\t\t<\/div>\n\t\t\t\t\t<\/div>\n\t\t\t\t<\/div>\n\t\t<div class=\"elementor-element elementor-element-4561561 e-flex e-con-boxed e-con e-parent\" data-id=\"4561561\" data-element_type=\"container\" data-e-type=\"container\" data-settings=\"{&quot;background_background&quot;:&quot;classic&quot;}\">\n\t\t\t\t\t<div class=\"e-con-inner\">\n\t\t<div class=\"elementor-element elementor-element-7e030cc e-con-full e-flex e-con e-child\" data-id=\"7e030cc\" data-element_type=\"container\" data-e-type=\"container\" data-settings=\"{&quot;background_background&quot;:&quot;classic&quot;}\">\n\t\t\t\t<div class=\"elementor-element elementor-element-ee1155a elementor-widget elementor-widget-heading\" data-id=\"ee1155a\" data-element_type=\"widget\" data-e-type=\"widget\" data-widget_type=\"heading.default\">\n\t\t\t\t\t<h2 class=\"elementor-heading-title elementor-size-default\">Choice of materials and CNC machining<\/h2>\t\t\t\t<\/div>\n\t\t\t\t<div class=\"elementor-element elementor-element-8b77e83 elementor-widget-divider--view-line elementor-widget elementor-widget-divider\" data-id=\"8b77e83\" data-element_type=\"widget\" data-e-type=\"widget\" data-widget_type=\"divider.default\">\n\t\t\t\t\t\t\t<div class=\"elementor-divider\">\n\t\t\t<span class=\"elementor-divider-separator\">\n\t\t\t\t\t\t<\/span>\n\t\t<\/div>\n\t\t\t\t\t\t<\/div>\n\t\t\t\t<\/div>\n\t\t<div class=\"elementor-element elementor-element-0adb5ad e-con-full e-flex e-con e-child\" data-id=\"0adb5ad\" data-element_type=\"container\" data-e-type=\"container\">\n\t\t\t\t<div class=\"elementor-element elementor-element-14f1b28 elementor-widget elementor-widget-text-editor\" data-id=\"14f1b28\" data-element_type=\"widget\" data-e-type=\"widget\" data-widget_type=\"text-editor.default\">\n\t\t\t\t\t\t\t\t\t<p>By using high-quality aluminum we guarantee lightness, strength and durability.<br \/>\u00a0Mechanical machining is carried out with latest-generation CNC machines (5 axes), to ensure minimal dimensional tolerances and perfect surfaces.<\/p>\t\t\t\t\t\t\t\t<\/div>\n\t\t\t\t<\/div>\n\t\t\t\t\t<\/div>\n\t\t\t\t<\/div>\n\t\t<div class=\"elementor-element elementor-element-b6645b8 e-flex e-con-boxed e-con e-parent\" data-id=\"b6645b8\" data-element_type=\"container\" data-e-type=\"container\" data-settings=\"{&quot;background_background&quot;:&quot;classic&quot;}\">\n\t\t\t\t\t<div class=\"e-con-inner\">\n\t\t<div class=\"elementor-element elementor-element-5a0d791 e-con-full e-flex e-con e-child\" data-id=\"5a0d791\" data-element_type=\"container\" data-e-type=\"container\" data-settings=\"{&quot;background_background&quot;:&quot;classic&quot;}\">\n\t\t\t\t<div class=\"elementor-element elementor-element-adf24e8 elementor-widget elementor-widget-heading\" data-id=\"adf24e8\" data-element_type=\"widget\" data-e-type=\"widget\" data-widget_type=\"heading.default\">\n\t\t\t\t\t<h2 class=\"elementor-heading-title elementor-size-default\">Quality control at every stage<\/h2>\t\t\t\t<\/div>\n\t\t\t\t<div class=\"elementor-element elementor-element-94ba50c elementor-widget-divider--view-line elementor-widget elementor-widget-divider\" data-id=\"94ba50c\" data-element_type=\"widget\" data-e-type=\"widget\" data-widget_type=\"divider.default\">\n\t\t\t\t\t\t\t<div class=\"elementor-divider\">\n\t\t\t<span class=\"elementor-divider-separator\">\n\t\t\t\t\t\t<\/span>\n\t\t<\/div>\n\t\t\t\t\t\t<\/div>\n\t\t\t\t<\/div>\n\t\t<div class=\"elementor-element elementor-element-9c0dff4 e-con-full e-flex e-con e-child\" data-id=\"9c0dff4\" data-element_type=\"container\" data-e-type=\"container\">\n\t\t\t\t<div class=\"elementor-element elementor-element-9ef8c92 elementor-widget elementor-widget-text-editor\" data-id=\"9ef8c92\" data-element_type=\"widget\" data-e-type=\"widget\" data-widget_type=\"text-editor.default\">\n\t\t\t\t\t\t\t\t\t<p>Each mold is subjected to dimensional and functional checks during production.<br \/>\u00a0This approach avoids defects and ensures that the final product conforms to the initial design.<\/p>\t\t\t\t\t\t\t\t<\/div>\n\t\t\t\t<\/div>\n\t\t\t\t\t<\/div>\n\t\t\t\t<\/div>\n\t\t<div class=\"elementor-element elementor-element-cfd1000 e-flex e-con-boxed e-con e-parent\" data-id=\"cfd1000\" data-element_type=\"container\" data-e-type=\"container\" data-settings=\"{&quot;background_background&quot;:&quot;classic&quot;}\">\n\t\t\t\t\t<div class=\"e-con-inner\">\n\t\t<div class=\"elementor-element elementor-element-5d41b34 e-con-full e-flex e-con e-child\" data-id=\"5d41b34\" data-element_type=\"container\" data-e-type=\"container\" data-settings=\"{&quot;background_background&quot;:&quot;classic&quot;}\">\n\t\t\t\t<div class=\"elementor-element elementor-element-fa3560d elementor-widget elementor-widget-heading\" data-id=\"fa3560d\" data-element_type=\"widget\" data-e-type=\"widget\" data-widget_type=\"heading.default\">\n\t\t\t\t\t<h2 class=\"elementor-heading-title elementor-size-default\">Mold finishing and customization<\/h2>\t\t\t\t<\/div>\n\t\t\t\t<div class=\"elementor-element elementor-element-09f8a55 elementor-widget-divider--view-line elementor-widget elementor-widget-divider\" data-id=\"09f8a55\" data-element_type=\"widget\" data-e-type=\"widget\" data-widget_type=\"divider.default\">\n\t\t\t\t\t\t\t<div class=\"elementor-divider\">\n\t\t\t<span class=\"elementor-divider-separator\">\n\t\t\t\t\t\t<\/span>\n\t\t<\/div>\n\t\t\t\t\t\t<\/div>\n\t\t\t\t<\/div>\n\t\t<div class=\"elementor-element elementor-element-48d1cd7 e-con-full e-flex e-con e-child\" data-id=\"48d1cd7\" data-element_type=\"container\" data-e-type=\"container\">\n\t\t\t\t<div class=\"elementor-element elementor-element-5c62ce3 elementor-widget elementor-widget-text-editor\" data-id=\"5c62ce3\" data-element_type=\"widget\" data-e-type=\"widget\" data-widget_type=\"text-editor.default\">\n\t\t\t\t\t\t\t\t\t<p>We create textures, engravings, and specific details based on the type of sole, ensuring an aesthetic consistent with the original design and maximum performance in production.<\/p>\t\t\t\t\t\t\t\t<\/div>\n\t\t\t\t<\/div>\n\t\t\t\t\t<\/div>\n\t\t\t\t<\/div>\n\t\t<div class=\"elementor-element elementor-element-5bd87a6 e-flex e-con-boxed e-con e-parent\" data-id=\"5bd87a6\" data-element_type=\"container\" data-e-type=\"container\" data-settings=\"{&quot;background_background&quot;:&quot;classic&quot;}\">\n\t\t\t\t\t<div class=\"e-con-inner\">\n\t\t<div class=\"elementor-element elementor-element-db261a5 e-con-full e-flex e-con e-child\" data-id=\"db261a5\" data-element_type=\"container\" data-e-type=\"container\" data-settings=\"{&quot;background_background&quot;:&quot;classic&quot;}\">\n\t\t\t\t<div class=\"elementor-element elementor-element-08905d1 elementor-widget elementor-widget-heading\" data-id=\"08905d1\" data-element_type=\"widget\" data-e-type=\"widget\" data-widget_type=\"heading.default\">\n\t\t\t\t\t<h2 class=\"elementor-heading-title elementor-size-default\">Testing and delivery<\/h2>\t\t\t\t<\/div>\n\t\t\t\t<div class=\"elementor-element elementor-element-9ba4069 elementor-widget-divider--view-line elementor-widget elementor-widget-divider\" data-id=\"9ba4069\" data-element_type=\"widget\" data-e-type=\"widget\" data-widget_type=\"divider.default\">\n\t\t\t\t\t\t\t<div class=\"elementor-divider\">\n\t\t\t<span class=\"elementor-divider-separator\">\n\t\t\t\t\t\t<\/span>\n\t\t<\/div>\n\t\t\t\t\t\t<\/div>\n\t\t\t\t<\/div>\n\t\t<div class=\"elementor-element elementor-element-d044488 e-con-full e-flex e-con e-child\" data-id=\"d044488\" data-element_type=\"container\" data-e-type=\"container\">\n\t\t\t\t<div class=\"elementor-element elementor-element-2f2e24c elementor-widget elementor-widget-text-editor\" data-id=\"2f2e24c\" data-element_type=\"widget\" data-e-type=\"widget\" data-widget_type=\"text-editor.default\">\n\t\t\t\t\t\t\t\t\t<p>The mold is tested to simulate real molding conditions in the footwear industry.<br \/>Only after successful testing do we proceed with packaging and delivery, ready for production.<\/p><p>Padana Stampi is the ideal partner for those seeking a safe, transparent, and meticulously designed production process.<\/p>\t\t\t\t\t\t\t\t<\/div>\n\t\t\t\t<\/div>\n\t\t\t\t\t<\/div>\n\t\t\t\t<\/div>\n\t\t<div class=\"elementor-element elementor-element-514d798 e-flex e-con-boxed e-con e-parent\" data-id=\"514d798\" data-element_type=\"container\" data-e-type=\"container\">\n\t\t\t\t\t<div class=\"e-con-inner\">\n\t\t<div class=\"elementor-element elementor-element-b0c7bb6 e-con-full e-flex e-con e-child\" data-id=\"b0c7bb6\" data-element_type=\"container\" data-e-type=\"container\" data-settings=\"{&quot;background_background&quot;:&quot;classic&quot;}\">\n\t\t\t\t<div class=\"elementor-element elementor-element-0ec9f2b elementor-widget elementor-widget-text-editor\" data-id=\"0ec9f2b\" data-element_type=\"widget\" data-e-type=\"widget\" data-widget_type=\"text-editor.default\">\n\t\t\t\t\t\t\t\t\t<p><strong>What do you want to achieve? Talk to us!<\/strong><\/p>\t\t\t\t\t\t\t\t<\/div>\n\t\t\t\t<div class=\"elementor-element elementor-element-e26ec5e elementor-align-center elementor-widget elementor-widget-button\" data-id=\"e26ec5e\" data-element_type=\"widget\" data-e-type=\"widget\" data-widget_type=\"button.default\">\n\t\t\t\t\t\t\t\t\t\t<a class=\"elementor-button elementor-button-link elementor-size-sm\" href=\"\/en\/contatti\/\">\n\t\t\t\t\t\t<span class=\"elementor-button-content-wrapper\">\n\t\t\t\t\t\t\t\t\t<span class=\"elementor-button-text\">Contact us<\/span>\n\t\t\t\t\t<\/span>\n\t\t\t\t\t<\/a>\n\t\t\t\t\t\t\t\t<\/div>\n\t\t\t\t<\/div>\n\t\t\t\t\t<\/div>\n\t\t\t\t<\/div>\n\t\t<div class=\"elementor-element elementor-element-57b935f e-flex e-con-boxed e-con e-parent\" data-id=\"57b935f\" data-element_type=\"container\" data-e-type=\"container\">\n\t\t\t\t\t<div class=\"e-con-inner\">\n\t\t\t\t\t<\/div>\n\t\t\t\t<\/div>\n\t\t\t\t<\/div>","protected":false},"excerpt":{"rendered":"<p>Metodologia La realizzazione di uno stampo in alluminio per scarpe e componenti di calzature richiede un processo preciso e collaudato.Seguiamo una metodologia strutturata che ci permette di offrire stampaggio di qualit\u00e0, tempi certi e massima affidabilit\u00e0. Esperienza e innovazione per risultati di qualit\u00e0 Una metodologia strutturata Guidati da una visione di innovazione e precisione, la [&hellip;]<\/p>\n","protected":false},"author":1,"featured_media":0,"parent":0,"menu_order":0,"comment_status":"closed","ping_status":"closed","template":"","meta":{"footnotes":""},"class_list":["post-285","page","type-page","status-publish","hentry"],"_links":{"self":[{"href":"https:\/\/padanastampi.com\/en\/wp-json\/wp\/v2\/pages\/285","targetHints":{"allow":["GET"]}}],"collection":[{"href":"https:\/\/padanastampi.com\/en\/wp-json\/wp\/v2\/pages"}],"about":[{"href":"https:\/\/padanastampi.com\/en\/wp-json\/wp\/v2\/types\/page"}],"author":[{"embeddable":true,"href":"https:\/\/padanastampi.com\/en\/wp-json\/wp\/v2\/users\/1"}],"replies":[{"embeddable":true,"href":"https:\/\/padanastampi.com\/en\/wp-json\/wp\/v2\/comments?post=285"}],"version-history":[{"count":16,"href":"https:\/\/padanastampi.com\/en\/wp-json\/wp\/v2\/pages\/285\/revisions"}],"predecessor-version":[{"id":494,"href":"https:\/\/padanastampi.com\/en\/wp-json\/wp\/v2\/pages\/285\/revisions\/494"}],"wp:attachment":[{"href":"https:\/\/padanastampi.com\/en\/wp-json\/wp\/v2\/media?parent=285"}],"curies":[{"name":"wp","href":"https:\/\/api.w.org\/{rel}","templated":true}]}}